{"id":369,"date":"2019-10-08T11:07:15","date_gmt":"2019-10-08T11:07:15","guid":{"rendered":"http:\/\/soa.clinicadosite.pt\/?page_id=369"},"modified":"2023-03-24T12:43:29","modified_gmt":"2023-03-24T12:43:29","slug":"soa-2","status":"publish","type":"page","link":"https:\/\/soaresoliveira.pt\/pt-pt\/","title":{"rendered":"Soares de Oliveira &#038; Associados &#8211; Consulting"},"content":{"rendered":"<div id=\"pl-369\"  class=\"panel-layout\" ><div id=\"pg-369-0\"  class=\"panel-grid panel-no-style\" ><div id=\"pgc-369-0-0\"  class=\"panel-grid-cell\" ><div id=\"panel-369-0-0-0\" class=\"so-panel widget widget_lsow-heading panel-first-child panel-last-child\" data-index=\"0\" ><div class=\"header-title-blue panel-widget-style panel-widget-style-for-369-0-0-0\" ><div\n\t\t\t\n\t\t\tclass=\"so-widget-lsow-heading so-widget-lsow-heading-default-c5296dd96cc2-369\"\n\t\t\t\n\t\t><div class=\"lsow-heading lsow-style1 lsow-alignleft \" ><h3 class=\"lsow-title\">Soares de Oliveira &amp; Associados<\/h3><\/div><!-- .lsow-heading --><\/div><\/div><\/div><\/div><\/div><div id=\"pg-369-1\"  class=\"panel-grid panel-no-style\" ><div id=\"pgc-369-1-0\"  class=\"panel-grid-cell\" ><div id=\"panel-369-1-0-0\" class=\"so-panel widget widget_sow-editor panel-first-child panel-last-child\" data-index=\"1\" ><div\n\t\t\t\n\t\t\tclass=\"so-widget-sow-editor so-widget-sow-editor-base\"\n\t\t\t\n\t\t>\n<div class=\"siteorigin-widget-tinymce textwidget\">\n\t<p class=\"p1\">Somos uma <em><span class=\"original-content\">Corporate <\/span>Boutique<\/em>, que re\u00fane diferentes \u00e1reas de conhecimento e habilidades, como Finan\u00e7as Corporativas, Estrat\u00e9gia, Gest\u00e3o Executiva, Desenvolvimento de Neg\u00f3cios e Servi\u00e7os Corporativos. O nosso foco \u00e9 gerar valor sustent\u00e1vel para os nossos clientes, principalmente PME, empresas de mercado intermedi\u00e1rio e familiares, por meio de servi\u00e7os profissionais e de valor agregado.<\/p>\n<p class=\"p1\">Desenvolvemos a nossa equipa de especialistas internos e externos para fornecer um conjunto diferenciado e exclusivo de servi\u00e7os integrados.<\/p>\n<p class=\"p1\">O nosso conjunto internacional de parcerias profissionais permite-nos fornecer um conjunto de servi\u00e7os global e de alta qualidade, a fim de melhor atender \u00e0s necessidades dos nossos clientes.<\/p>\n<p class=\"p1\">Transformamos \u201cpreocupa\u00e7\u00f5es\u201d, \u201cproblemas\u201d e \u201csitua\u00e7\u00f5es\u201d em geradores de valor agregado<span class=\"original-content\">... <\/span>Compartilhe as suas preocupa\u00e7\u00f5es connosco e pergunte-nos como!<\/p>\n<\/div>\n<\/div><\/div><\/div><div id=\"pgc-369-1-1\"  class=\"panel-grid-cell\" ><div id=\"panel-369-1-1-0\" class=\"so-panel widget widget_lsow-team-members panel-first-child panel-last-child\" data-index=\"2\" ><div\n\t\t\t\n\t\t\tclass=\"so-widget-lsow-team-members so-widget-lsow-team-members-style1-d75171398898-369\"\n\t\t\t\n\t\t>\n<div class=\"lsow-team-members lsow-style1 lsow-grid-container  lsow-grid-desktop-2 lsow-grid-tablet-2 lsow-grid-mobile-1\"><div class=\"lsow-grid-item lsow-team-member-wrapper\"><div class=\"lsow-team-member \" ><div class=\"lsow-image-wrapper\"><img loading=\"lazy\" decoding=\"async\" width=\"750\" height=\"751\" src=\"https:\/\/soaresoliveira.pt\/wp-content\/uploads\/2023\/03\/paulo-oliveira-1.jpg\" class=\"lsow-image\" alt=\"\" srcset=\"https:\/\/soaresoliveira.pt\/wp-content\/uploads\/2023\/03\/paulo-oliveira-1.jpg 768w, https:\/\/soaresoliveira.pt\/wp-content\/uploads\/2023\/03\/paulo-oliveira-1-300x300.jpg 300w, https:\/\/soaresoliveira.pt\/wp-content\/uploads\/2023\/03\/paulo-oliveira-1-150x150.jpg 150w\" sizes=\"auto, (max-width: 750px) 100vw, 750px\" \/><div class=\"lsow-social-wrap\"><div class=\"lsow-social-list\"><\/div><!-- .lsow-social-list --><\/div><!-- .lsow-social-wrap --><\/div><!-- .lsow-image-wrapper --><div class=\"lsow-team-member-text\"><h3 class=\"lsow-title\">Mr. Paulo Soares de Oliveira<\/h3><div class=\"lsow-team-member-position\">Co-propriet\u00e1rio &amp; Fundador<\/div><div class=\"lsow-team-member-details\"><\/div><\/div><!-- .lsow-team-member-text --><\/div><!-- .lsow-team-member --><\/div><!-- .lsow-team-member-wrapper --><div class=\"lsow-grid-item lsow-team-member-wrapper\"><div class=\"lsow-team-member \" ><div class=\"lsow-image-wrapper\"><img loading=\"lazy\" decoding=\"async\" width=\"750\" height=\"751\" src=\"https:\/\/soaresoliveira.pt\/wp-content\/uploads\/2019\/10\/Antonio_PB.png\" class=\"lsow-image\" alt=\"Ant\u00f3nio de Oliveira\" srcset=\"https:\/\/soaresoliveira.pt\/wp-content\/uploads\/2019\/10\/Antonio_PB.png 1000w, https:\/\/soaresoliveira.pt\/wp-content\/uploads\/2019\/10\/Antonio_PB-150x150.png 150w, https:\/\/soaresoliveira.pt\/wp-content\/uploads\/2019\/10\/Antonio_PB-300x300.png 300w, https:\/\/soaresoliveira.pt\/wp-content\/uploads\/2019\/10\/Antonio_PB-768x769.png 768w\" sizes=\"auto, (max-width: 750px) 100vw, 750px\" \/><div class=\"lsow-social-wrap\"><div class=\"lsow-social-list\"><\/div><!-- .lsow-social-list --><\/div><!-- .lsow-social-wrap --><\/div><!-- .lsow-image-wrapper --><div class=\"lsow-team-member-text\"><h3 class=\"lsow-title\">Mr. Ant\u00f3nio Soares de Oliveira<\/h3><div class=\"lsow-team-member-position\">Co-propriet\u00e1rio<\/div><div class=\"lsow-team-member-details\"><\/div><\/div><!-- .lsow-team-member-text --><\/div><!-- .lsow-team-member --><\/div><!-- .lsow-team-member-wrapper --><\/div><!-- .lsow-team-members --><div class=\"lsow-clear\"><\/div><\/div><\/div><\/div><\/div><div id=\"pg-369-2\"  class=\"panel-grid panel-no-style\" ><div id=\"pgc-369-2-0\"  class=\"panel-grid-cell\" ><div id=\"panel-369-2-0-0\" class=\"so-panel widget widget_ink-divider panel-first-child panel-last-child\" data-index=\"3\" ><div\n\t\t\t\n\t\t\tclass=\"so-widget-ink-divider so-widget-ink-divider-divider-21f0455ebba1-369\"\n\t\t\t\n\t\t><div class=\"iw-so-divider-top\"><\/div>\n<div class=\"iw-so-divider \"><\/div>\n<div class=\"iw-so-divider-bottom\"><\/div>\n<\/div><\/div><\/div><\/div><div id=\"pg-369-3\"  class=\"panel-grid panel-no-style\" ><div id=\"pgc-369-3-0\"  class=\"panel-grid-cell\" ><div id=\"panel-369-3-0-0\" class=\"so-panel widget widget_siteorigin-panels-builder panel-first-child panel-last-child\" data-index=\"4\" ><div class=\"partners-widget panel-widget-style panel-widget-style-for-369-3-0-0\" ><div id=\"pl-w609027916705c\"  class=\"panel-layout\" ><div id=\"pg-w609027916705c-0\"  class=\"panel-grid panel-no-style\" ><div id=\"pgc-w609027916705c-0-0\"  class=\"panel-grid-cell\" ><div id=\"panel-w609027916705c-0-0-0\" class=\"so-panel widget widget_lsow-heading panel-first-child panel-last-child\" data-index=\"0\" ><div class=\"header-title-blue panel-widget-style panel-widget-style-for-w609027916705c-0-0-0\" ><div\n\t\t\t\n\t\t\tclass=\"so-widget-lsow-heading so-widget-lsow-heading-default-c5296dd96cc2\"\n\t\t\t\n\t\t><div class=\"lsow-heading lsow-style1 lsow-aligncenter \" ><h3 class=\"lsow-title\">Parcerias<\/h3><\/div><!-- .lsow-heading --><\/div><\/div><\/div><\/div><\/div><div id=\"pg-w609027916705c-1\"  class=\"panel-grid panel-has-style\" ><div class=\"partners-row panel-row-style panel-row-style-for-w609027916705c-1\" ><div id=\"pgc-w609027916705c-1-0\"  class=\"panel-grid-cell\" ><div class=\"partners-cell panel-cell-style panel-cell-style-for-w609027916705c-1-0\" ><div id=\"panel-w609027916705c-1-0-0\" class=\"so-panel widget widget_sow-image panel-first-child\" data-index=\"1\" ><div\n\t\t\t\n\t\t\tclass=\"so-widget-sow-image so-widget-sow-image-default-c67d20f9f743\"\n\t\t\t\n\t\t>\n<div class=\"sow-image-container\">\n\t\t\t<a href=\"https:\/\/www.onetoonecf.com\/\"\n\t\t\ttarget=\"_blank\" rel=\"noopener noreferrer\" \t\t>\n\t\t\t<img loading=\"lazy\" decoding=\"async\" src=\"https:\/\/soaresoliveira.pt\/wp-content\/uploads\/2019\/10\/onetoone1.png\" width=\"288\" height=\"60\" sizes=\"auto, (max-width: 288px) 100vw, 288px\" alt=\"\" \t\tclass=\"so-widget-image\"\/>\n\t<\/a><\/div>\n\n<\/div><\/div><div id=\"panel-w609027916705c-1-0-1\" class=\"so-panel widget widget_sow-editor panel-last-child\" data-index=\"2\" ><div class=\"partners-box panel-widget-style panel-widget-style-for-w609027916705c-1-0-1\" ><div\n\t\t\t\n\t\t\tclass=\"so-widget-sow-editor so-widget-sow-editor-base\"\n\t\t\t\n\t\t>\n<div class=\"siteorigin-widget-tinymce textwidget\">\n\t<p style=\"text-align: center;\">A Soares de Oliveira &amp; Associados integra a organizac\u0327a\u0303o internacional ONEtoONE Corporate Finance, uma empresa internacional especializada em Corporate Finance e M&amp;A no segmento me\u0301dio de transac\u0327o\u0303es (middle-market).<\/p>\n<p>&nbsp;<\/p>\n<\/div>\n<\/div><\/div><\/div><\/div><\/div><div id=\"pgc-w609027916705c-1-1\"  class=\"panel-grid-cell\" ><div class=\"partners-cell panel-cell-style panel-cell-style-for-w609027916705c-1-1\" ><div id=\"panel-w609027916705c-1-1-0\" class=\"so-panel widget widget_sow-editor panel-first-child panel-last-child\" data-index=\"3\" ><div class=\"partners-box panel-widget-style panel-widget-style-for-w609027916705c-1-1-0\" ><div\n\t\t\t\n\t\t\tclass=\"so-widget-sow-editor so-widget-sow-editor-base\"\n\t\t\t\n\t\t>\n<div class=\"siteorigin-widget-tinymce textwidget\">\n\t<p class=\"p1\" style=\"text-align: center;\">A Soares de Oliveira &amp; Associados possui uma parceria com empresa de pesquisa executiva com certifica\u00e7\u00e3o ISO, para fornecer v\u00e1rios servi\u00e7os de consultoria.<\/p>\n<\/div>\n<\/div><\/div><\/div><\/div><\/div><\/div><\/div><div id=\"pg-w609027916705c-2\"  class=\"panel-grid panel-no-style\" ><div id=\"pgc-w609027916705c-2-0\"  class=\"panel-grid-cell\" ><div id=\"panel-w609027916705c-2-0-0\" class=\"so-panel widget widget_sow-editor panel-first-child panel-last-child\" data-index=\"4\" ><div\n\t\t\t\n\t\t\tclass=\"so-widget-sow-editor so-widget-sow-editor-base\"\n\t\t\t\n\t\t>\n<div class=\"siteorigin-widget-tinymce textwidget\">\n\t<div class=\"tlid-input input\">\n<div class=\"source-wrap\">\n<div class=\"input-full-height-wrapper tlid-input-full-height-wrapper\">\n<div class=\"source-input\">\n<div class=\"source-footer-wrap source-or-target-footer\">\n<div class=\"character-count tlid-character-count\">\n<div class=\"cc-ctr normal\" style=\"text-align: center;\">Soares de Oliveira &amp; Associados \u00e9 membro da Associa\u00e7\u00e3o de Empresas Familiares<\/div>\n<\/div>\n<\/div>\n<\/div>\n<\/div>\n<\/div>\n<\/div>\n<\/div>\n<\/div><\/div><\/div><\/div><\/div><\/div><\/div><\/div><\/div><\/div><!-- AddThis Advanced Settings generic via filter on the_content --><!-- AddThis Share Buttons generic via filter on the_content -->","protected":false},"excerpt":{"rendered":"<p>Somos uma Corporate Boutique, que re\u00fane diferentes \u00e1reas de conhecimento e habilidades, como Finan\u00e7as Corporativas, Estrat\u00e9gia, Gest\u00e3o Executiva, Desenvolvimento de Neg\u00f3cios e Servi\u00e7os Corporativos. O nosso foco \u00e9 gerar valor sustent\u00e1vel para os nossos clientes, principalmente PME, empresas de mercado intermedi\u00e1rio e familiares, por meio de servi\u00e7os profissionais e de valor agregado. Desenvolvemos a nossa [&hellip;]<!-- AddThis Advanced Settings generic via filter on get_the_excerpt --><!-- AddThis Share Buttons generic via filter on get_the_excerpt --><\/p>\n","protected":false},"author":1,"featured_media":0,"parent":0,"menu_order":0,"comment_status":"closed","ping_status":"open","template":"","meta":{"_monsterinsights_skip_tracking":false,"_monsterinsights_sitenote_active":false,"_monsterinsights_sitenote_note":"","_monsterinsights_sitenote_category":0,"footnotes":""},"class_list":["post-369","page","type-page","status-publish","hentry"],"acf":[],"yoast_head":"<!-- This site is optimized with the Yoast SEO plugin v20.4 - https:\/\/yoast.com\/wordpress\/plugins\/seo\/ -->\n<title>Soares de Oliveira &amp; Associados - Consulting - Soares de Oliveira &amp; Associados<\/title>\n<meta name=\"robots\" content=\"index, follow, max-snippet:-1, max-image-preview:large, max-video-preview:-1\" \/>\n<link rel=\"canonical\" href=\"https:\/\/soaresoliveira.pt\/pt-pt\/\" \/>\n<meta property=\"og:locale\" content=\"pt_PT\" \/>\n<meta property=\"og:type\" content=\"article\" \/>\n<meta property=\"og:title\" content=\"Soares de Oliveira &amp; Associados - Consulting - Soares de Oliveira &amp; Associados\" \/>\n<meta property=\"og:description\" content=\"Somos uma Corporate Boutique, que re\u00fane diferentes \u00e1reas de conhecimento e habilidades, como Finan\u00e7as Corporativas, Estrat\u00e9gia, Gest\u00e3o Executiva, Desenvolvimento de Neg\u00f3cios e Servi\u00e7os Corporativos. O nosso foco \u00e9 gerar valor sustent\u00e1vel para os nossos clientes, principalmente PME, empresas de mercado intermedi\u00e1rio e familiares, por meio de servi\u00e7os profissionais e de valor agregado. Desenvolvemos a nossa [&hellip;]\" \/>\n<meta property=\"og:url\" content=\"https:\/\/soaresoliveira.pt\/pt-pt\/\" \/>\n<meta property=\"og:site_name\" content=\"Soares de Oliveira &amp; Associados\" \/>\n<meta property=\"article:modified_time\" content=\"2023-03-24T12:43:29+00:00\" \/>\n<meta name=\"twitter:card\" content=\"summary_large_image\" \/>\n<meta name=\"twitter:label1\" content=\"Tempo estimado de leitura\" \/>\n\t<meta name=\"twitter:data1\" content=\"1 minuto\" \/>\n<script type=\"application\/ld+json\" class=\"yoast-schema-graph\">{\"@context\":\"https:\/\/schema.org\",\"@graph\":[{\"@type\":\"WebPage\",\"@id\":\"https:\/\/soaresoliveira.pt\/pt-pt\/\",\"url\":\"https:\/\/soaresoliveira.pt\/pt-pt\/\",\"name\":\"Soares de Oliveira & Associados - Consulting - Soares de Oliveira &amp; Associados\",\"isPartOf\":{\"@id\":\"https:\/\/soaresoliveira.pt\/pt-pt\/#website\"},\"datePublished\":\"2019-10-08T11:07:15+00:00\",\"dateModified\":\"2023-03-24T12:43:29+00:00\",\"breadcrumb\":{\"@id\":\"https:\/\/soaresoliveira.pt\/pt-pt\/#breadcrumb\"},\"inLanguage\":\"pt-PT\",\"potentialAction\":[{\"@type\":\"ReadAction\",\"target\":[\"https:\/\/soaresoliveira.pt\/pt-pt\/\"]}]},{\"@type\":\"BreadcrumbList\",\"@id\":\"https:\/\/soaresoliveira.pt\/pt-pt\/#breadcrumb\",\"itemListElement\":[{\"@type\":\"ListItem\",\"position\":1,\"name\":\"Home\",\"item\":\"https:\/\/soaresoliveira.pt\/pt-pt\/\"},{\"@type\":\"ListItem\",\"position\":2,\"name\":\"Soares de Oliveira &#038; Associados &#8211; Consulting\"}]},{\"@type\":\"WebSite\",\"@id\":\"https:\/\/soaresoliveira.pt\/pt-pt\/#website\",\"url\":\"https:\/\/soaresoliveira.pt\/pt-pt\/\",\"name\":\"Soares de Oliveira &amp; Associados\",\"description\":\"Soares de Oliveira &amp; Associados - Consulting\",\"potentialAction\":[{\"@type\":\"SearchAction\",\"target\":{\"@type\":\"EntryPoint\",\"urlTemplate\":\"https:\/\/soaresoliveira.pt\/pt-pt\/?s={search_term_string}\"},\"query-input\":\"required name=search_term_string\"}],\"inLanguage\":\"pt-PT\"}]}<\/script>\n<!-- \/ Yoast SEO plugin. -->","yoast_head_json":{"title":"Soares de Oliveira & Associados - Consulting - Soares de Oliveira &amp; Associados","robots":{"index":"index","follow":"follow","max-snippet":"max-snippet:-1","max-image-preview":"max-image-preview:large","max-video-preview":"max-video-preview:-1"},"canonical":"https:\/\/soaresoliveira.pt\/pt-pt\/","og_locale":"pt_PT","og_type":"article","og_title":"Soares de Oliveira & Associados - Consulting - Soares de Oliveira &amp; Associados","og_description":"Somos uma Corporate Boutique, que re\u00fane diferentes \u00e1reas de conhecimento e habilidades, como Finan\u00e7as Corporativas, Estrat\u00e9gia, Gest\u00e3o Executiva, Desenvolvimento de Neg\u00f3cios e Servi\u00e7os Corporativos. O nosso foco \u00e9 gerar valor sustent\u00e1vel para os nossos clientes, principalmente PME, empresas de mercado intermedi\u00e1rio e familiares, por meio de servi\u00e7os profissionais e de valor agregado. Desenvolvemos a nossa [&hellip;]","og_url":"https:\/\/soaresoliveira.pt\/pt-pt\/","og_site_name":"Soares de Oliveira &amp; Associados","article_modified_time":"2023-03-24T12:43:29+00:00","twitter_card":"summary_large_image","twitter_misc":{"Tempo estimado de leitura":"1 minuto"},"schema":{"@context":"https:\/\/schema.org","@graph":[{"@type":"WebPage","@id":"https:\/\/soaresoliveira.pt\/pt-pt\/","url":"https:\/\/soaresoliveira.pt\/pt-pt\/","name":"Soares de Oliveira & Associados - Consulting - Soares de Oliveira &amp; Associados","isPartOf":{"@id":"https:\/\/soaresoliveira.pt\/pt-pt\/#website"},"datePublished":"2019-10-08T11:07:15+00:00","dateModified":"2023-03-24T12:43:29+00:00","breadcrumb":{"@id":"https:\/\/soaresoliveira.pt\/pt-pt\/#breadcrumb"},"inLanguage":"pt-PT","potentialAction":[{"@type":"ReadAction","target":["https:\/\/soaresoliveira.pt\/pt-pt\/"]}]},{"@type":"BreadcrumbList","@id":"https:\/\/soaresoliveira.pt\/pt-pt\/#breadcrumb","itemListElement":[{"@type":"ListItem","position":1,"name":"Home","item":"https:\/\/soaresoliveira.pt\/pt-pt\/"},{"@type":"ListItem","position":2,"name":"Soares de Oliveira &#038; Associados &#8211; Consulting"}]},{"@type":"WebSite","@id":"https:\/\/soaresoliveira.pt\/pt-pt\/#website","url":"https:\/\/soaresoliveira.pt\/pt-pt\/","name":"Soares de Oliveira &amp; Associados","description":"Soares de Oliveira &amp; Associados - Consulting","potentialAction":[{"@type":"SearchAction","target":{"@type":"EntryPoint","urlTemplate":"https:\/\/soaresoliveira.pt\/pt-pt\/?s={search_term_string}"},"query-input":"required name=search_term_string"}],"inLanguage":"pt-PT"}]}},"_links":{"self":[{"href":"https:\/\/soaresoliveira.pt\/pt-pt\/wp-json\/wp\/v2\/pages\/369","targetHints":{"allow":["GET"]}}],"collection":[{"href":"https:\/\/soaresoliveira.pt\/pt-pt\/wp-json\/wp\/v2\/pages"}],"about":[{"href":"https:\/\/soaresoliveira.pt\/pt-pt\/wp-json\/wp\/v2\/types\/page"}],"author":[{"embeddable":true,"href":"https:\/\/soaresoliveira.pt\/pt-pt\/wp-json\/wp\/v2\/users\/1"}],"replies":[{"embeddable":true,"href":"https:\/\/soaresoliveira.pt\/pt-pt\/wp-json\/wp\/v2\/comments?post=369"}],"version-history":[{"count":75,"href":"https:\/\/soaresoliveira.pt\/pt-pt\/wp-json\/wp\/v2\/pages\/369\/revisions"}],"predecessor-version":[{"id":864,"href":"https:\/\/soaresoliveira.pt\/pt-pt\/wp-json\/wp\/v2\/pages\/369\/revisions\/864"}],"wp:attachment":[{"href":"https:\/\/soaresoliveira.pt\/pt-pt\/wp-json\/wp\/v2\/media?parent=369"}],"curies":[{"name":"wp","href":"https:\/\/api.w.org\/{rel}","templated":true}]}}